{"id":124077,"date":"2025-04-30T15:30:34","date_gmt":"2025-04-30T13:30:34","guid":{"rendered":"https:\/\/laxarranca.com\/?page_id=124077"},"modified":"2025-04-30T16:32:50","modified_gmt":"2025-04-30T14:32:50","slug":"tallers-de-halloween","status":"publish","type":"page","link":"https:\/\/laxarranca.com\/es\/servicios\/tallers-de-halloween\/","title":{"rendered":"Talleres de Halloween"},"content":{"rendered":"<section class=\"wpb-content-wrapper\"><p>[vc_row row_height_percent=\u00bb70&#8243; override_padding=\u00bbyes\u00bb h_padding=\u00bb2&#8243; top_padding=\u00bb3&#8243; bottom_padding=\u00bb2&#8243; back_color=\u00bbcolor-prif\u00bb overlay_alpha=\u00bb50&#8243; gutter_size=\u00bb3&#8243; column_width_percent=\u00bb100&#8243; shift_y=\u00bb0&#8243; z_index=\u00bb0&#8243; uncode_shortcode_id=\u00bb192468&#8243; back_color_type=\u00bbuncode-palette\u00bb][vc_column column_width_percent=\u00bb100&#8243; align_horizontal=\u00bbalign_center\u00bb gutter_size=\u00bb3&#8243; overlay_alpha=\u00bb50&#8243; shift_x=\u00bb0&#8243; shift_y=\u00bb0&#8243; shift_y_down=\u00bb0&#8243; z_index=\u00bb0&#8243; medium_width=\u00bb0&#8243; mobile_visibility=\u00bbyes\u00bb mobile_width=\u00bb0&#8243; width=\u00bb1\/4&#8243; uncode_shortcode_id=\u00bb569902&#8243;][\/vc_column][vc_column column_width_percent=\u00bb100&#8243; align_horizontal=\u00bbalign_center\u00bb gutter_size=\u00bb1&#8243; overlay_alpha=\u00bb50&#8243; shift_x=\u00bb0&#8243; shift_y=\u00bb0&#8243; shift_y_down=\u00bb0&#8243; z_index=\u00bb0&#8243; medium_width=\u00bb0&#8243; mobile_width=\u00bb0&#8243; width=\u00bb2\/4&#8243; uncode_shortcode_id=\u00bb200475&#8243;][vc_single_image media=\u00bb118825&#8243; media_width_percent=\u00bb40&#8243; alignment=\u00bbcenter\u00bb uncode_shortcode_id=\u00bb429634&#8243; el_class=\u00bbpicto-superior-serveis\u00bb][vc_custom_heading text_color=\u00bbcolor-nhtu\u00bb heading_semantic=\u00bbh5&#8243; text_font=\u00bbfont-145616&#8243; text_size=\u00bbfontsize-160000&#8243; text_weight=\u00bb500&#8243; uncode_shortcode_id=\u00bb972656&#8243; text_color_type=\u00bbuncode-palette\u00bb]SERVICIOS[\/vc_custom_heading][vc_custom_heading text_color=\u00bbcolor-xsdn\u00bb heading_semantic=\u00bbh1&#8243; text_font=\u00bbfont-115145&#8243; text_size=\u00bbfontsize-338686&#8243; text_weight=\u00bb500&#8243; uncode_shortcode_id=\u00bb151907&#8243; text_color_type=\u00bbuncode-palette\u00bb]Talleres de Halloween[\/vc_custom_heading][vc_empty_space empty_h=\u00bb2&#8243;][vc_column_text text_color=\u00bbcolor-nhtu\u00bb uncode_shortcode_id=\u00bb432029&#8243; text_color_type=\u00bbuncode-palette\u00bb]Bienvenidos a la secci\u00f3n m\u00e1s escalofriantemente divertida de <strong>La Xarranca<\/strong> ! Descubre nuestros <strong>Talleres de Halloween<\/strong> , dise\u00f1ados para que los ni\u00f1os y ni\u00f1as disfruten de una experiencia \u00fanica llena de creatividad, manualidades y mucha diversi\u00f3n[\/vc_column_text][vc_empty_space empty_h=\u00bb5&#8243;][vc_empty_space empty_h=\u00bb2&#8243;][\/vc_column][vc_column column_width_percent=\u00bb100&#8243; gutter_size=\u00bb3&#8243; overlay_alpha=\u00bb50&#8243; shift_x=\u00bb0&#8243; shift_y=\u00bb0&#8243; shift_y_down=\u00bb0&#8243; z_index=\u00bb0&#8243; medium_visibility=\u00bbyes\u00bb medium_width=\u00bb0&#8243; mobile_visibility=\u00bbyes\u00bb mobile_width=\u00bb0&#8243; width=\u00bb1\/4&#8243; uncode_shortcode_id=\u00bb989683&#8243;][vc_single_image media=\u00bb118825&#8243; media_width_percent=\u00bb40&#8243; alignment=\u00bbright\u00bb uncode_shortcode_id=\u00bb460880&#8243;][\/vc_column][\/vc_row][vc_row unlock_row_content=\u00bbyes\u00bb row_height_percent=\u00bb20&#8243; override_padding=\u00bbyes\u00bb h_padding=\u00bb0&#8243; top_padding=\u00bb0&#8243; bottom_padding=\u00bb4&#8243; back_color=\u00bbcolor-xsdn\u00bb overlay_alpha=\u00bb50&#8243; gutter_size=\u00bb3&#8243; column_width_percent=\u00bb100&#8243; shift_y=\u00bb0&#8243; z_index=\u00bb0&#8243; uncode_shortcode_id=\u00bb186570&#8243; back_color_type=\u00bbuncode-palette\u00bb][vc_column column_width_percent=\u00bb100&#8243; gutter_size=\u00bb3&#8243; overlay_alpha=\u00bb50&#8243; shift_x=\u00bb0&#8243; shift_y=\u00bb-5&#8243; shift_y_fixed=\u00bbyes\u00bb z_index=\u00bb0&#8243; medium_width=\u00bb0&#8243; width=\u00bb1\/1&#8243;][uncode_index el_id=\u00bbindex-1&#8243; index_type=\u00bbcss_grid\u00bb loop=\u00bbsize:9|order_by:date|order:DESC|post_type:portfolio|tax_query:551|taxonomy_count:10&#8243; grid_items=\u00bb3&#8243; screen_lg_items=\u00bb3&#8243; screen_lg_breakpoint=\u00bb1100&#8243; screen_md_items=\u00bb2&#8243; screen_md_breakpoint=\u00bb900&#8243; screen_sm_items=\u00bb1&#8243; screen_sm_breakpoint=\u00bb480&#8243; filtering=\u00bbyes\u00bb filter_typography=\u00bbinherit\u00bb filtering_full_width=\u00bbyes\u00bb filtering_position=\u00bbcenter\u00bb filter_mobile_dropdown=\u00bbyes\u00bb gutter_size=\u00bb4&#8243; post_items=\u00bbtitle,media|featured|onpost,category\u00bb page_items=\u00bbtitle,media,text,category\u00bb product_items=\u00bbtitle,media,text,category,price\u00bb portfolio_items=\u00bbmedia|featured|onpost|original,title,icon\u00bb css_grid_images_size=\u00bbthree-two\u00bb single_overlay_opacity=\u00bb50&#8243; single_overlay_anim=\u00bbno\u00bb single_text_anim=\u00bbno\u00bb single_image_magnetic=\u00bbyes\u00bb single_h_align=\u00bbcenter\u00bb single_padding=\u00bb1&#8243; single_text_reduced=\u00bbyes\u00bb single_title_family=\u00bbfont-110503&#8243; single_title_dimension=\u00bbfontsize-160000&#8243; single_title_weight=\u00bb500&#8243; single_title_transform=\u00bbuppercase\u00bb single_border=\u00bbyes\u00bb single_css_animation=\u00bbzoom-in\u00bb single_animation_speed=\u00bb800&#8243; no_double_tap=\u00bbyes\u00bb custom_cursor=\u00bblight\u00bb single_animation_filters=\u00bbyes\u00bb single_block_click=\u00bbyes\u00bb single_text_hover=\u00bbyes\u00bb single_no_background=\u00bbyes\u00bb single_title_serif=\u00bb\u00bb single_title_divider=\u00bb\u00bb single_half_padding=\u00bbyes\u00bb single_title_bold=\u00bbyes\u00bb footer_position=\u00bbleft\u00bb carousel_rtl=\u00bb\u00bb single_icon=\u00bbfa fa-plus2&#8243; filtering_transform=\u00bbuppercase\u00bb items=\u00bbe30=\u00bb uncode_shortcode_id=\u00bb143630&#8243; filter_mobile_dropdown_text=\u00bbFilters\u00bb el_class=\u00bbgrid-serveis\u00bb][\/vc_column][\/vc_row][vc_row row_height_percent=\u00bb0&#8243; overlay_alpha=\u00bb50&#8243; gutter_size=\u00bb3&#8243; column_width_percent=\u00bb100&#8243; shift_y=\u00bb0&#8243; z_index=\u00bb0&#8243; desktop_visibility=\u00bbyes\u00bb medium_visibility=\u00bbyes\u00bb mobile_visibility=\u00bbyes\u00bb uncode_shortcode_id=\u00bb210920&#8243;][vc_column column_width_percent=\u00bb100&#8243; align_horizontal=\u00bbalign_center\u00bb gutter_size=\u00bb3&#8243; overlay_alpha=\u00bb50&#8243; shift_x=\u00bb0&#8243; shift_y=\u00bb0&#8243; shift_y_down=\u00bb0&#8243; z_index=\u00bb0&#8243; medium_width=\u00bb0&#8243; mobile_width=\u00bb0&#8243; width=\u00bb1\/1&#8243; uncode_shortcode_id=\u00bb519810&#8243;][vc_raw_html]PGlmcmFtZSB3aWR0aD0iMTAwJSIgaGVpZ2h0PSI3MTUiIHNyYz0iaHR0cHM6Ly93d3cueW91dHViZS5jb20vd2F0Y2g\/dj11VVRZZzloNWFKRT92cT1oZDEwODAiIHRpdGxlPSJZb3VUdWJlIHZpZGVvIHBsYXllciIgZnJhbWVib3JkZXI9IjAiIGFsbG93PSJhY2NlbGVyb21ldGVyOyBhdXRvcGxheTsgY2xpcGJvYXJkLXdyaXRlOyBlbmNyeXB0ZWQtbWVkaWE7IGd5cm9zY29wZTsgcGljdHVyZS1pbi1waWN0dXJlOyB3ZWItc2hhcmUiIGFsbG93ZnVsbHNjcmVlbj0iIj48L2lmcmFtZT4=[\/vc_raw_html][\/vc_column][\/vc_row][vc_row row_height_percent=\u00bb0&#8243; override_padding=\u00bbyes\u00bb h_padding=\u00bb2&#8243; top_padding=\u00bb2&#8243; bottom_padding=\u00bb3&#8243; overlay_alpha=\u00bb50&#8243; gutter_size=\u00bb3&#8243; column_width_percent=\u00bb100&#8243; shift_y=\u00bb0&#8243; z_index=\u00bb0&#8243; uncode_shortcode_id=\u00bb102952&#8243;][vc_column width=\u00bb1\/2&#8243;][vc_column_text uncode_shortcode_id=\u00bb177671&#8243;]Si buscas actividades infantiles perfectas para celebrar esta festividad tan especial, aqu\u00ed encontrar\u00e1s una amplia variedad de talleres donde los m\u00e1s peque\u00f1os podr\u00e1n realizar sus propias creaciones tem\u00e1ticas, siempre con la ayuda de nuestros monitores especializados.<\/p>\n<p>En nuestros <strong>Talleres de manualidades de Halloween<\/strong> , los ni\u00f1os podr\u00e1n dejar volar su imaginaci\u00f3n mientras elaboran objetos \u00fanicos con sus propias manos. Desde <strong>talleres de llaveros personalizados<\/strong> hasta <strong>farolillos terror\u00edficos<\/strong> , cada actividad est\u00e1 pensada para que los ni\u00f1os experimenten con diferentes materiales, texturas y t\u00e9cnicas art\u00edsticas. Adem\u00e1s, tambi\u00e9n tenemos opciones para los m\u00e1s golosos, como nuestro <strong>Taller de galletas terror\u00edficas<\/strong> o el <strong>Taller de pincho de golosinas terror\u00edficas<\/strong> , donde podr\u00e1n preparar delicias tem\u00e1ticas para llevarse a casa.<\/p>\n<p>[\/vc_column_text][\/vc_column][vc_column width=\u00bb1\/2&#8243;][vc_column_text uncode_shortcode_id=\u00bb202797&#8243;]Para los amantes de la m\u00fasica y el sonido, el <strong>Taller de trompeta terror\u00edfica<\/strong> permitir\u00e1 fabricar su propio instrumento decorado con motivos de Halloween. Todas nuestras actividades infantiles est\u00e1n dise\u00f1adas para que los ni\u00f1os desarrollen su creatividad mientras disfrutan de un entorno seguro y divertido. <\/p>\n<p>Si est\u00e1s organizando una fiesta, un evento escolar o una celebraci\u00f3n especial, nuestros <strong>Talleres de Halloween<\/strong> son la mejor opci\u00f3n para hacer que los m\u00e1s peque\u00f1os vivan esta festividad de forma original y llena de actividades sorprendentes. Elige tus talleres favoritos y d\u00e9jate llevar por la magia de <strong>Halloween<\/strong> ![\/vc_column_text][\/vc_column][\/vc_row][vc_row unlock_row_content=\u00bbyes\u00bb row_height_percent=\u00bb0&#8243; override_padding=\u00bbyes\u00bb h_padding=\u00bb0&#8243; top_padding=\u00bb3&#8243; bottom_padding=\u00bb3&#8243; back_color=\u00bbcolor-xsdn\u00bb overlay_alpha=\u00bb100&#8243; gutter_size=\u00bb100&#8243; column_width_percent=\u00bb100&#8243; shift_y=\u00bb0&#8243; z_index=\u00bb0&#8243; top_divider=\u00bbgradient\u00bb style=\u00bbinherited\u00bb uncode_shortcode_id=\u00bb460144&#8243; back_color_type=\u00bbuncode-palette\u00bb][vc_column column_width_percent=\u00bb100&#8243; align_horizontal=\u00bbalign_center\u00bb gutter_size=\u00bb3&#8243; overlay_alpha=\u00bb50&#8243; shift_x=\u00bb0&#8243; shift_y=\u00bb0&#8243; shift_y_down=\u00bb0&#8243; z_index=\u00bb0&#8243; medium_width=\u00bb0&#8243; mobile_width=\u00bb0&#8243; width=\u00bb1\/1&#8243; uncode_shortcode_id=\u00bb272648&#8243;][vc_button button_color=\u00bbcolor-jevc\u00bb radius=\u00bbbtn-round\u00bb border_width=\u00bb0&#8243; button_color_type=\u00bbuncode-palette\u00bb uncode_shortcode_id=\u00bb162332&#8243; el_class=\u00bbboto-vermell-granate\u00bb link=\u00bburl:https%3A%2F%2Flaxarranca.com%2Fes%2Fservicios%2Ftalleres%2F|title:Servicios|\u00bb]TODOS LOS TALLERES[\/vc_button][\/vc_column][\/vc_row][vc_row row_height_percent=\u00bb0&#8243; override_padding=\u00bbyes\u00bb h_padding=\u00bb2&#8243; top_padding=\u00bb5&#8243; bottom_padding=\u00bb5&#8243; back_color=\u00bbcolor-nhtu\u00bb overlay_alpha=\u00bb90&#8243; gutter_size=\u00bb100&#8243; column_width_percent=\u00bb100&#8243; shift_y=\u00bb0&#8243; z_index=\u00bb0&#8243; style=\u00bbinherited\u00bb uncode_shortcode_id=\u00bb581490&#8243; back_color_type=\u00bbuncode-palette\u00bb el_class=\u00bbform-subscriute-vermell\u00bb][vc_column column_width_use_pixel=\u00bbyes\u00bb position_vertical=\u00bbmiddle\u00bb gutter_size=\u00bb2&#8243; style=\u00bbdark\u00bb overlay_alpha=\u00bb100&#8243; shift_x=\u00bb0&#8243; shift_y=\u00bb0&#8243; shift_y_down=\u00bb0&#8243; z_index=\u00bb0&#8243; medium_width=\u00bb0&#8243; mobile_width=\u00bb0&#8243; zoom_width=\u00bb0&#8243; zoom_height=\u00bb0&#8243; width=\u00bb1\/3&#8243; column_width_pixel=\u00bb900&#8243; uncode_shortcode_id=\u00bb616410&#8243;][vc_custom_heading text_color=\u00bbcolor-xsdn\u00bb text_weight=\u00bb400&#8243; text_space=\u00bbfontspace-781688&#8243; sub_lead=\u00bbyes\u00bb uncode_shortcode_id=\u00bb269238&#8243; text_color_type=\u00bbuncode-palette\u00bb]Suscr\u00edbete al<br \/>\n nuestro newsletter[\/vc_custom_heading][\/vc_column][vc_column column_width_percent=\u00bb100&#8243; position_vertical=\u00bbmiddle\u00bb gutter_size=\u00bb3&#8243; overlay_alpha=\u00bb50&#8243; shift_x=\u00bb0&#8243; shift_y=\u00bb0&#8243; shift_y_down=\u00bb0&#8243; z_index=\u00bb0&#8243; medium_width=\u00bb0&#8243; mobile_width=\u00bb0&#8243; width=\u00bb2\/3&#8243; uncode_shortcode_id=\u00bb195898&#8243;]\n<div class=\"wpcf7 no-js\" id=\"wpcf7-f121434-o1\" lang=\"es-ES\" dir=\"ltr\" data-wpcf7-id=\"121434\">\n<div class=\"screen-reader-response\"><p role=\"status\" aria-live=\"polite\" aria-atomic=\"true\"><\/p> <ul><\/ul><\/div>\n<form action=\"\/es\/wp-json\/wp\/v2\/pages\/124077#wpcf7-f121434-o1\" method=\"post\" class=\"wpcf7-form init\" aria-label=\"Formulario de contacto\" novalidate=\"novalidate\" data-status=\"init\">\n<fieldset class=\"hidden-fields-container\"><input type=\"hidden\" name=\"_wpcf7\" value=\"121434\" \/><input type=\"hidden\" name=\"_wpcf7_version\" value=\"6.1.5\" \/><input type=\"hidden\" name=\"_wpcf7_locale\" value=\"es_ES\" \/><input type=\"hidden\" name=\"_wpcf7_unit_tag\" value=\"wpcf7-f121434-o1\" \/><input type=\"hidden\" name=\"_wpcf7_container_post\" value=\"0\" \/><input type=\"hidden\" name=\"_wpcf7_posted_data_hash\" value=\"\" \/><input type=\"hidden\" name=\"_wpcf7_recaptcha_response\" value=\"\" \/>\n<\/fieldset>\n<div class=\"wpcf7-inline-wrapper wpcf7-input-group\">\n\t<p class=\"wpcf7-inline-field wpcf7-inline-field-text\"><span class=\"wpcf7-form-control-wrap\" data-name=\"email\"><input size=\"40\" maxlength=\"400\" class=\"wpcf7-form-control wpcf7-email wpcf7-validates-as-required wpcf7-text wpcf7-validates-as-email inset-input\" aria-required=\"true\" aria-invalid=\"false\" placeholder=\"TU CORREO ELECTR\u00d3NICO*\" value=\"\" type=\"email\" name=\"email\" \/><\/span>\n\t<\/p>\n\t<p class=\"wpcf7-inline-field wpcf7-inline-field-btn\"><input class=\"wpcf7-form-control wpcf7-submit has-spinner btn-inset btn btn-color-prif btn-flat btn-inherit\" type=\"submit\" value=\"ENVIAR\" \/>\n\t<\/p>\n\t<p><input type=\"hidden\" name=\"mc4wp-subscribe\" value=\"1\" \/>\n\t<\/p>\n<\/div>\n<div style=\"display:none;\">\n\t<p>[wpgetapi carts_guru|create]\n\t<\/p>\n<\/div>\n<p class=\"wpcf7-inline-field wpcf7-inline-field-label\"><span class=\"wpcf7-form-control-wrap\" data-name=\"acceptance-394\"><span class=\"wpcf7-form-control wpcf7-acceptance\"><span class=\"wpcf7-list-item\"><label><input type=\"checkbox\" name=\"acceptance-394\" value=\"1\" aria-invalid=\"false\" \/><span class=\"wpcf7-list-item-label\">Acepto la <a href=\"http:\/\/laxarranca.com\/politica-de-privadesa\/\" class=\"link-form\"><u>pol\u00edtica de privacidad<\/u><\/a><\/span><\/label><\/span><\/span><\/span>\n<\/p><div class=\"wpcf7-response-output\" aria-hidden=\"true\"><\/div>\n<\/form>\n<\/div>\n[\/vc_column][\/vc_row]<\/p>\n<\/section>","protected":false},"excerpt":{"rendered":"<p>[vc_row row_height_percent=\u00bb70&#8243; override_padding=\u00bbyes\u00bb h_padding=\u00bb2&#8243; top_padding=\u00bb3&#8243; bottom_padding=\u00bb2&#8243; back_color=\u00bbcolor-prif\u00bb overlay_alpha=\u00bb50&#8243; gutter_size=\u00bb3&#8243; column_width_percent=\u00bb100&#8243; shift_y=\u00bb0&#8243; z_index=\u00bb0&#8243; uncode_shortcode_id=\u00bb192468&#8243; back_color_type=\u00bbuncode-palette\u00bb][vc_column column_width_percent=\u00bb100&#8243; align_horizontal=\u00bbalign_center\u00bb gutter_size=\u00bb3&#8243; overlay_alpha=\u00bb50&#8243; shift_x=\u00bb0&#8243; shift_y=\u00bb0&#8243; [&hellip;]<\/p>\n","protected":false},"author":1,"featured_media":0,"parent":120827,"menu_order":0,"comment_status":"open","ping_status":"closed","template":"","meta":{"footnotes":""},"class_list":["post-124077","page","type-page","status-publish","hentry"],"yoast_head":"<!-- This site is optimized with the Yoast SEO plugin v27.4 - https:\/\/yoast.com\/product\/yoast-seo-wordpress\/ -->\n<title>Talleres de Halloween - La Xarranca<\/title>\n<meta name=\"robots\" content=\"index, follow, max-snippet:-1, max-image-preview:large, max-video-preview:-1\" \/>\n<link rel=\"canonical\" href=\"https:\/\/laxarranca.com\/es\/servicios\/tallers-de-halloween\/\" \/>\n<meta property=\"og:locale\" content=\"es_ES\" \/>\n<meta property=\"og:type\" content=\"article\" \/>\n<meta property=\"og:title\" content=\"Talleres de Halloween - La Xarranca\" \/>\n<meta property=\"og:description\" content=\"[vc_row row_height_percent=\u00bb70&#8243; override_padding=\u00bbyes\u00bb h_padding=\u00bb2&#8243; top_padding=\u00bb3&#8243; bottom_padding=\u00bb2&#8243; back_color=\u00bbcolor-prif\u00bb overlay_alpha=\u00bb50&#8243; gutter_size=\u00bb3&#8243; column_width_percent=\u00bb100&#8243; shift_y=\u00bb0&#8243; z_index=\u00bb0&#8243; uncode_shortcode_id=\u00bb192468&#8243; back_color_type=\u00bbuncode-palette\u00bb][vc_column column_width_percent=\u00bb100&#8243; align_horizontal=\u00bbalign_center\u00bb gutter_size=\u00bb3&#8243; overlay_alpha=\u00bb50&#8243; shift_x=\u00bb0&#8243; shift_y=\u00bb0&#8243; [&hellip;]\" \/>\n<meta property=\"og:url\" content=\"https:\/\/laxarranca.com\/es\/servicios\/tallers-de-halloween\/\" \/>\n<meta property=\"og:site_name\" content=\"La Xarranca\" \/>\n<meta property=\"article:modified_time\" content=\"2025-04-30T14:32:50+00:00\" \/>\n<meta name=\"twitter:card\" content=\"summary_large_image\" \/>\n<meta name=\"twitter:label1\" content=\"Tiempo de lectura\" \/>\n\t<meta name=\"twitter:data1\" content=\"3 minutos\" \/>\n<script type=\"application\/ld+json\" class=\"yoast-schema-graph\">{\"@context\":\"https:\\\/\\\/schema.org\",\"@graph\":[{\"@type\":\"WebPage\",\"@id\":\"https:\\\/\\\/laxarranca.com\\\/es\\\/servicios\\\/tallers-de-halloween\\\/\",\"url\":\"https:\\\/\\\/laxarranca.com\\\/es\\\/servicios\\\/tallers-de-halloween\\\/\",\"name\":\"Talleres de Halloween - La Xarranca\",\"isPartOf\":{\"@id\":\"https:\\\/\\\/laxarranca.com\\\/#website\"},\"datePublished\":\"2025-04-30T13:30:34+00:00\",\"dateModified\":\"2025-04-30T14:32:50+00:00\",\"breadcrumb\":{\"@id\":\"https:\\\/\\\/laxarranca.com\\\/es\\\/servicios\\\/tallers-de-halloween\\\/#breadcrumb\"},\"inLanguage\":\"es\",\"potentialAction\":[{\"@type\":\"ReadAction\",\"target\":[\"https:\\\/\\\/laxarranca.com\\\/es\\\/servicios\\\/tallers-de-halloween\\\/\"]}]},{\"@type\":\"BreadcrumbList\",\"@id\":\"https:\\\/\\\/laxarranca.com\\\/es\\\/servicios\\\/tallers-de-halloween\\\/#breadcrumb\",\"itemListElement\":[{\"@type\":\"ListItem\",\"position\":1,\"name\":\"Inici\",\"item\":\"https:\\\/\\\/laxarranca.com\\\/es\\\/\"},{\"@type\":\"ListItem\",\"position\":2,\"name\":\"Servicios\",\"item\":\"https:\\\/\\\/laxarranca.com\\\/es\\\/servicios\\\/\"},{\"@type\":\"ListItem\",\"position\":3,\"name\":\"Talleres de Halloween\"}]},{\"@type\":\"WebSite\",\"@id\":\"https:\\\/\\\/laxarranca.com\\\/#website\",\"url\":\"https:\\\/\\\/laxarranca.com\\\/\",\"name\":\"La Xarranca\",\"description\":\"Activitats al carrer\",\"potentialAction\":[{\"@type\":\"SearchAction\",\"target\":{\"@type\":\"EntryPoint\",\"urlTemplate\":\"https:\\\/\\\/laxarranca.com\\\/?s={search_term_string}\"},\"query-input\":{\"@type\":\"PropertyValueSpecification\",\"valueRequired\":true,\"valueName\":\"search_term_string\"}}],\"inLanguage\":\"es\"}]}<\/script>\n<!-- \/ Yoast SEO plugin. -->","yoast_head_json":{"title":"Talleres de Halloween - La Xarranca","robots":{"index":"index","follow":"follow","max-snippet":"max-snippet:-1","max-image-preview":"max-image-preview:large","max-video-preview":"max-video-preview:-1"},"canonical":"https:\/\/laxarranca.com\/es\/servicios\/tallers-de-halloween\/","og_locale":"es_ES","og_type":"article","og_title":"Talleres de Halloween - La Xarranca","og_description":"[vc_row row_height_percent=\u00bb70&#8243; override_padding=\u00bbyes\u00bb h_padding=\u00bb2&#8243; top_padding=\u00bb3&#8243; bottom_padding=\u00bb2&#8243; back_color=\u00bbcolor-prif\u00bb overlay_alpha=\u00bb50&#8243; gutter_size=\u00bb3&#8243; column_width_percent=\u00bb100&#8243; shift_y=\u00bb0&#8243; z_index=\u00bb0&#8243; uncode_shortcode_id=\u00bb192468&#8243; back_color_type=\u00bbuncode-palette\u00bb][vc_column column_width_percent=\u00bb100&#8243; align_horizontal=\u00bbalign_center\u00bb gutter_size=\u00bb3&#8243; overlay_alpha=\u00bb50&#8243; shift_x=\u00bb0&#8243; shift_y=\u00bb0&#8243; [&hellip;]","og_url":"https:\/\/laxarranca.com\/es\/servicios\/tallers-de-halloween\/","og_site_name":"La Xarranca","article_modified_time":"2025-04-30T14:32:50+00:00","twitter_card":"summary_large_image","twitter_misc":{"Tiempo de lectura":"3 minutos"},"schema":{"@context":"https:\/\/schema.org","@graph":[{"@type":"WebPage","@id":"https:\/\/laxarranca.com\/es\/servicios\/tallers-de-halloween\/","url":"https:\/\/laxarranca.com\/es\/servicios\/tallers-de-halloween\/","name":"Talleres de Halloween - La Xarranca","isPartOf":{"@id":"https:\/\/laxarranca.com\/#website"},"datePublished":"2025-04-30T13:30:34+00:00","dateModified":"2025-04-30T14:32:50+00:00","breadcrumb":{"@id":"https:\/\/laxarranca.com\/es\/servicios\/tallers-de-halloween\/#breadcrumb"},"inLanguage":"es","potentialAction":[{"@type":"ReadAction","target":["https:\/\/laxarranca.com\/es\/servicios\/tallers-de-halloween\/"]}]},{"@type":"BreadcrumbList","@id":"https:\/\/laxarranca.com\/es\/servicios\/tallers-de-halloween\/#breadcrumb","itemListElement":[{"@type":"ListItem","position":1,"name":"Inici","item":"https:\/\/laxarranca.com\/es\/"},{"@type":"ListItem","position":2,"name":"Servicios","item":"https:\/\/laxarranca.com\/es\/servicios\/"},{"@type":"ListItem","position":3,"name":"Talleres de Halloween"}]},{"@type":"WebSite","@id":"https:\/\/laxarranca.com\/#website","url":"https:\/\/laxarranca.com\/","name":"La Xarranca","description":"Activitats al carrer","potentialAction":[{"@type":"SearchAction","target":{"@type":"EntryPoint","urlTemplate":"https:\/\/laxarranca.com\/?s={search_term_string}"},"query-input":{"@type":"PropertyValueSpecification","valueRequired":true,"valueName":"search_term_string"}}],"inLanguage":"es"}]}},"_links":{"self":[{"href":"https:\/\/laxarranca.com\/es\/wp-json\/wp\/v2\/pages\/124077","targetHints":{"allow":["GET"]}}],"collection":[{"href":"https:\/\/laxarranca.com\/es\/wp-json\/wp\/v2\/pages"}],"about":[{"href":"https:\/\/laxarranca.com\/es\/wp-json\/wp\/v2\/types\/page"}],"author":[{"embeddable":true,"href":"https:\/\/laxarranca.com\/es\/wp-json\/wp\/v2\/users\/1"}],"replies":[{"embeddable":true,"href":"https:\/\/laxarranca.com\/es\/wp-json\/wp\/v2\/comments?post=124077"}],"version-history":[{"count":5,"href":"https:\/\/laxarranca.com\/es\/wp-json\/wp\/v2\/pages\/124077\/revisions"}],"predecessor-version":[{"id":124177,"href":"https:\/\/laxarranca.com\/es\/wp-json\/wp\/v2\/pages\/124077\/revisions\/124177"}],"up":[{"embeddable":true,"href":"https:\/\/laxarranca.com\/es\/wp-json\/wp\/v2\/pages\/120827"}],"wp:attachment":[{"href":"https:\/\/laxarranca.com\/es\/wp-json\/wp\/v2\/media?parent=124077"}],"curies":[{"name":"wp","href":"https:\/\/api.w.org\/{rel}","templated":true}]}}